{"id":1609,"date":"2024-04-04T10:18:27","date_gmt":"2024-04-04T08:18:27","guid":{"rendered":"https:\/\/ferme1802.com\/?page_id=1609"},"modified":"2025-12-30T14:59:00","modified_gmt":"2025-12-30T13:59:00","slug":"mentions-legales","status":"publish","type":"page","link":"https:\/\/ferme1802.com\/en\/mentions-legales\/","title":{"rendered":"Mentions l\u00e9gales"},"content":{"rendered":"<div data-elementor-type=\"wp-page\" data-elementor-id=\"1609\" class=\"elementor elementor-1609\" data-elementor-post-type=\"page\">\n\t\t\t\t<div class=\"elementor-element elementor-element-0577ed1 e-flex e-con-boxed e-con e-parent\" data-id=\"0577ed1\" data-element_type=\"container\">\n\t\t\t\t\t<div class=\"e-con-inner\">\n\t\t\t\t<div class=\"elementor-element elementor-element-586f438 elementor-widget elementor-widget-heading\" data-id=\"586f438\" data-element_type=\"widget\" data-widget_type=\"heading.default\">\n\t\t\t\t<div class=\"elementor-widget-container\">\n\t\t\t\t\t<h3 class=\"elementor-heading-title elementor-size-default\">LEGAL NOTICE <\/h3>\t\t\t\t<\/div>\n\t\t\t\t<\/div>\n\t\t\t\t<div class=\"elementor-element elementor-element-28abb58 elementor-widget elementor-widget-text-editor\" data-id=\"28abb58\" data-element_type=\"widget\" data-widget_type=\"text-editor.default\">\n\t\t\t\t<div class=\"elementor-widget-container\">\n\t\t\t\t\t\t\t\t\t<p><strong>The website www.ferme1802.com (hereinafter referred to as the \u2018Website\u2019) is published by:<br \/><\/strong>Ferme 1802 <br \/>145, rue de la Marque, 59262 Sainghin-en-M\u00e9lantois<\/p>\t\t\t\t\t\t\t\t<\/div>\n\t\t\t\t<\/div>\n\t\t\t\t<div class=\"elementor-element elementor-element-c55b7e6 elementor-widget elementor-widget-text-editor\" data-id=\"c55b7e6\" data-element_type=\"widget\" data-widget_type=\"text-editor.default\">\n\t\t\t\t<div class=\"elementor-widget-container\">\n\t\t\t\t\t\t\t\t\t<p><strong>Phone:<\/strong> +33 (0)7 66 06 11 71<\/p>\t\t\t\t\t\t\t\t<\/div>\n\t\t\t\t<\/div>\n\t\t\t\t<div class=\"elementor-element elementor-element-fe453b3 elementor-widget elementor-widget-text-editor\" data-id=\"fe453b3\" data-element_type=\"widget\" data-widget_type=\"text-editor.default\">\n\t\t\t\t<div class=\"elementor-widget-container\">\n\t\t\t\t\t\t\t\t\t<p><strong>E-mail\u00a0:<\/strong> contact@ferme1802.com<\/p>\t\t\t\t\t\t\t\t<\/div>\n\t\t\t\t<\/div>\n\t\t\t\t<div class=\"elementor-element elementor-element-d5c50ad elementor-widget elementor-widget-text-editor\" data-id=\"d5c50ad\" data-element_type=\"widget\" data-widget_type=\"text-editor.default\">\n\t\t\t\t<div class=\"elementor-widget-container\">\n\t\t\t\t\t\t\t\t\t<p><strong>Director of Publication:<\/strong> Pierre Gu\u00e9non, Aur\u00e9lien Demortier<\/p>\t\t\t\t\t\t\t\t<\/div>\n\t\t\t\t<\/div>\n\t\t\t\t<div class=\"elementor-element elementor-element-b219b2d elementor-widget elementor-widget-text-editor\" data-id=\"b219b2d\" data-element_type=\"widget\" data-widget_type=\"text-editor.default\">\n\t\t\t\t<div class=\"elementor-widget-container\">\n\t\t\t\t\t\t\t\t\t<p><b>Graphic design &amp; Website development:<\/b> Papier Machin \u2013 Graphic design studio Lille \u2013 <a href=\"\/en\/www.papier-machin.com\/\">www.papier-machin.com<\/a><\/p>\t\t\t\t\t\t\t\t<\/div>\n\t\t\t\t<\/div>\n\t\t\t\t<div class=\"elementor-element elementor-element-c2ba538 elementor-widget elementor-widget-text-editor\" data-id=\"c2ba538\" data-element_type=\"widget\" data-widget_type=\"text-editor.default\">\n\t\t\t\t<div class=\"elementor-widget-container\">\n\t\t\t\t\t\t\t\t\t<p class=\"translation-block\"><strong>Website Hosting:  <\/strong>The website www.ferme1802.com is hosted by HOSTINGER, whose registered office is located at HOSTINGER INTERNATIONAL LTD, 61 Lordou Vironos Street, 6023 Larnaca, Cyprus, and can be contacted athttps:\/\/www.hostinger.fr\/contact.<\/p><p>Any internet user browsing, reading, viewing and using the Website (hereinafter referred to as the \u2018User\u2019) is deemed to have accepted these general terms and conditions of use (hereinafter referred to as the \u2018General Terms and Conditions of Use\u2019) governing the operation of the Website.<\/p><p>The Website is reserved for Users of legal age and for private use only.<\/p>\t\t\t\t\t\t\t\t<\/div>\n\t\t\t\t<\/div>\n\t\t\t\t<div class=\"elementor-element elementor-element-7c6933f elementor-widget elementor-widget-text-editor\" data-id=\"7c6933f\" data-element_type=\"widget\" data-widget_type=\"text-editor.default\">\n\t\t\t\t<div class=\"elementor-widget-container\">\n\t\t\t\t\t\t\t\t\t<p class=\"translation-block\"><strong>1 \u2013 Intellectual property<br><\/strong>The Website is subject to applicable French law, particularly with regard to copyright, trademark law and, more generally, intellectual property.<\/p><p>Any intellectual property rights that may exist on the Website, its general structure and each of its components, including texts, articles, newsletters, press releases, presentations, brochures, images, illustrations, drawings, graphics, photographs, computer programmes, animations, etc., remain the exclusive property of Ferme 1802.<\/p><p>The names, trademarks and brands mentioned on this Website are the property of their respective owners.<\/p><p>Unless prior authorisation has been obtained from Ferme 1802, any use, modification, publication, adaptation, representation or reproduction, in whole or in part, of the Website, its components and\/or the information contained therein, by any means whatsoever, may constitute an infringement punishable under the provisions of the Intellectual Property Code.<\/p><p class=\"translation-block\">La Ferme 1802 authorises the User to download onto the hard drive of their personal computer the documents made available to them in the form of electronic files specifically for the purpose of downloading them for information purposes only, for the User's strictly personal and private use. <br>Users are prohibited from exploiting all or part of the Website and from distributing these documents to third parties by any means whatsoever, including by sending them by email, printing and distributing them on a tangible medium, or making them available on a server installed on a public or private network.<\/p><p class=\"translation-block\">Photo credits:<br>For all photos on the website: Papier Machin, Unsplash.<\/p><p class=\"translation-block\"><strong>2 \u2013 Limitation of liability and exclusion of warranty<br><\/strong><strong>2.1 \u2013  User obligations and liability<br><\/strong>The User acknowledges that they have the necessary means to access and use the Website. They also acknowledge that they have verified that the computer configuration used does not contain any viruses and is in perfect working order. La Ferme 1802 cannot be held liable for any direct or indirect damage caused to the User's equipment when accessing the Website.<\/p><p>Each User is solely responsible for the use they make of the information provided on the Website, and Ferme 1802 cannot under any circumstances be held liable for any direct or indirect damage resulting from the User's use of this information.<\/p><p>The User is solely responsible for any use of the Website and\/or its content that does not comply with applicable laws and regulations. In this regard, the User indemnifies Ferme 1802 against any third-party claims arising from the use of the Website and\/or its content.<\/p><p><strong>2.2 \u2013 Website accessibility and content<br \/><\/strong>La Ferme 1802 uses all means at its disposal to ensure that the information displayed on the Website is accurate and up to date, reserving the right to modify its content at any time and without notice. However, it cannot guarantee that this information is complete, nor that it will not be modified by a third party (hacking, viruses).<\/p><p>La Ferme 1802 also declines all responsibility (direct or indirect) in the event of delay, error or omission concerning the content and use of these pages, as well as in the event of interruption or unavailability of the service.<\/p><p>The Website and the data, information and documents it provides are intended solely for general information purposes regarding the activities of Ferme 1802 and may under no circumstances be considered as constituting advice (technical, legal, accounting, commercial, tax or financial, etc.), canvassing, solicitation and\/or an offer of services.<\/p><p>Information relating to events (calendar, news, etc.), organisations, companies and individuals identified on the Website is derived from statements made by them and is reproduced for information purposes only. The publisher accepts no responsibility for this information.<\/p><p class=\"translation-block\"><strong>3 \u2013 Hyperlinks<\/strong><br>Third-party websites, their content and\/or documents accessible via hyperlinks published on the Website or in documents downloadable from it are the sole responsibility of their author(s) and Ferme 1802 cannot be held liable for them.<\/p><p>Users are not authorised to create a hyperlink to the Website and\/or any page of the Website and\/or any file contained therein without the prior express consent of Ferme 1802.<\/p><p class=\"translation-block\"><strong>4 \u2013 Personal data<\/strong><br>The Website is subject to compliance with French law, and in particular the amended law of 6 January 1978, known as the \u2018Data Protection Act\u2019, which incorporates the provisions of European Regulation 2016\/679 of 27 April 2016 on the protection of personal data.<\/p><p>See our privacy policy: https:\/\/www.ferme1802.com\/politique-de-confidentialite\/.<\/p><p class=\"translation-block\"><strong>5 \u2013 General provisions<\/strong><br>If one or more provisions of the Terms and Conditions of Use prove to be illegal or invalid, their invalidity shall be interpreted as not forming part of the Terms and Conditions of Use, and the legality or validity of the other provisions of the Terms and Conditions of Use shall not be affected. <br>The Terms and Conditions of Use constitute the entire agreement between the User and Ferme 1802 in relation to the use of the Website and its Content, and supersede all previous communications and agreements (including Ferme 1802's previous terms and conditions of use), whether oral or written, relating to the subject matter hereof.<\/p><p>No waiver by Ferme 1802 of any provision of the Terms and Conditions of Use shall be construed as a waiver of that provision.<\/p><p class=\"translation-block\"><strong>6 \u2013 Contact<\/strong><br>Users may contact Ferme 1802 with any questions or comments regarding the Terms and Conditions of Use at the following address: contact@ferme1802.com<\/p><p class=\"translation-block\"><strong>7 \u2013 Jurisdiction and applicable law<br><\/strong>Any dispute arising from the consultation, content or use of the Website is subject to French law. In the event of a dispute relating to the General Terms and Conditions of Use that cannot be resolved amicably, the French courts shall have sole jurisdiction.<\/p>\t\t\t\t\t\t\t\t<\/div>\n\t\t\t\t<\/div>\n\t\t\t\t\t<\/div>\n\t\t\t\t<\/div>\n\t\t\t\t<\/div>","protected":false},"excerpt":{"rendered":"<p>MENTIONS L\u00c9GALES Le site www.ferme1802.com (ci-apr\u00e8s le \u00ab\u00a0Site Web\u00a0\u00bb) est \u00e9dit\u00e9 par :Ferme 1802 145, rue de la Marque, 59262 Sainghin-en-M\u00e9lantois T\u00e9l\u00e9phone : +33 (0)7 66 06 11 71 Adresse e-mail\u00a0: contact@ferme1802.com Directeur de la publication : Pierre Gu\u00e9non, Aur\u00e9lien Demortier Design graphique &amp; R\u00e9alisation du site web : Papier Machin &#8211; Agence de design [&hellip;]<\/p>\n","protected":false},"author":2,"featured_media":0,"parent":0,"menu_order":13,"comment_status":"closed","ping_status":"closed","template":"elementor_header_footer","meta":{"footnotes":""},"class_list":["post-1609","page","type-page","status-publish","hentry","entry"],"yoast_head":"<!-- This site is optimized with the Yoast SEO plugin v27.5 - https:\/\/yoast.com\/product\/yoast-seo-wordpress\/ -->\n<title>Mentions l\u00e9gales - Ferme 1802 - Appart h\u00f4tel - Sainghin-en-M\u00e9lantois<\/title>\n<meta name=\"robots\" content=\"noindex, follow\" \/>\n<meta property=\"og:locale\" content=\"en_GB\" \/>\n<meta property=\"og:type\" content=\"article\" \/>\n<meta property=\"og:title\" content=\"Mentions l\u00e9gales - Ferme 1802 - Appart h\u00f4tel - Sainghin-en-M\u00e9lantois\" \/>\n<meta property=\"og:description\" content=\"MENTIONS L\u00c9GALES Le site www.ferme1802.com (ci-apr\u00e8s le \u00ab\u00a0Site Web\u00a0\u00bb) est \u00e9dit\u00e9 par :Ferme 1802 145, rue de la Marque, 59262 Sainghin-en-M\u00e9lantois T\u00e9l\u00e9phone : +33 (0)7 66 06 11 71 Adresse e-mail\u00a0: contact@ferme1802.com Directeur de la publication : Pierre Gu\u00e9non, Aur\u00e9lien Demortier Design graphique &amp; R\u00e9alisation du site web : Papier Machin &#8211; Agence de design [&hellip;]\" \/>\n<meta property=\"og:url\" content=\"https:\/\/ferme1802.com\/en\/mentions-legales\/\" \/>\n<meta property=\"og:site_name\" content=\"Ferme 1802 - Appart h\u00f4tel - Sainghin-en-M\u00e9lantois\" \/>\n<meta property=\"article:modified_time\" content=\"2025-12-30T13:59:00+00:00\" \/>\n<meta name=\"twitter:card\" content=\"summary_large_image\" \/>\n<meta name=\"twitter:label1\" content=\"Estimated reading time\" \/>\n\t<meta name=\"twitter:data1\" content=\"6 minutes\" \/>\n<script type=\"application\/ld+json\" class=\"yoast-schema-graph\">{\"@context\":\"https:\\\/\\\/schema.org\",\"@graph\":[{\"@type\":\"WebPage\",\"@id\":\"https:\\\/\\\/ferme1802.com\\\/mentions-legales\\\/\",\"url\":\"https:\\\/\\\/ferme1802.com\\\/mentions-legales\\\/\",\"name\":\"Mentions l\u00e9gales - Ferme 1802 - Appart h\u00f4tel - Sainghin-en-M\u00e9lantois\",\"isPartOf\":{\"@id\":\"https:\\\/\\\/ferme1802.com\\\/#website\"},\"datePublished\":\"2024-04-04T08:18:27+00:00\",\"dateModified\":\"2025-12-30T13:59:00+00:00\",\"breadcrumb\":{\"@id\":\"https:\\\/\\\/ferme1802.com\\\/mentions-legales\\\/#breadcrumb\"},\"inLanguage\":\"en-GB\",\"potentialAction\":[{\"@type\":\"ReadAction\",\"target\":[\"https:\\\/\\\/ferme1802.com\\\/mentions-legales\\\/\"]}]},{\"@type\":\"BreadcrumbList\",\"@id\":\"https:\\\/\\\/ferme1802.com\\\/mentions-legales\\\/#breadcrumb\",\"itemListElement\":[{\"@type\":\"ListItem\",\"position\":1,\"name\":\"Accueil\",\"item\":\"https:\\\/\\\/ferme1802.com\\\/\"},{\"@type\":\"ListItem\",\"position\":2,\"name\":\"Mentions l\u00e9gales\"}]},{\"@type\":\"WebSite\",\"@id\":\"https:\\\/\\\/ferme1802.com\\\/#website\",\"url\":\"https:\\\/\\\/ferme1802.com\\\/\",\"name\":\"Ferme 1802 - Appart h\u00f4tel - Sainghin-en-M\u00e9lantois\",\"description\":\"D\u00e9tente, nature et bien-\u00eatre : votre parenth\u00e8se champ\u00eatre \u00e0 deux pas de Lille.\",\"potentialAction\":[{\"@type\":\"SearchAction\",\"target\":{\"@type\":\"EntryPoint\",\"urlTemplate\":\"https:\\\/\\\/ferme1802.com\\\/?s={search_term_string}\"},\"query-input\":{\"@type\":\"PropertyValueSpecification\",\"valueRequired\":true,\"valueName\":\"search_term_string\"}}],\"inLanguage\":\"en-GB\"}]}<\/script>\n<!-- \/ Yoast SEO plugin. -->","yoast_head_json":{"title":"Mentions l\u00e9gales - Ferme 1802 - Appart h\u00f4tel - Sainghin-en-M\u00e9lantois","robots":{"index":"noindex","follow":"follow"},"og_locale":"en_GB","og_type":"article","og_title":"Mentions l\u00e9gales - Ferme 1802 - Appart h\u00f4tel - Sainghin-en-M\u00e9lantois","og_description":"MENTIONS L\u00c9GALES Le site www.ferme1802.com (ci-apr\u00e8s le \u00ab\u00a0Site Web\u00a0\u00bb) est \u00e9dit\u00e9 par :Ferme 1802 145, rue de la Marque, 59262 Sainghin-en-M\u00e9lantois T\u00e9l\u00e9phone : +33 (0)7 66 06 11 71 Adresse e-mail\u00a0: contact@ferme1802.com Directeur de la publication : Pierre Gu\u00e9non, Aur\u00e9lien Demortier Design graphique &amp; R\u00e9alisation du site web : Papier Machin &#8211; Agence de design [&hellip;]","og_url":"https:\/\/ferme1802.com\/en\/mentions-legales\/","og_site_name":"Ferme 1802 - Appart h\u00f4tel - Sainghin-en-M\u00e9lantois","article_modified_time":"2025-12-30T13:59:00+00:00","twitter_card":"summary_large_image","twitter_misc":{"Estimated reading time":"6 minutes"},"schema":{"@context":"https:\/\/schema.org","@graph":[{"@type":"WebPage","@id":"https:\/\/ferme1802.com\/mentions-legales\/","url":"https:\/\/ferme1802.com\/mentions-legales\/","name":"Mentions l\u00e9gales - Ferme 1802 - Appart h\u00f4tel - Sainghin-en-M\u00e9lantois","isPartOf":{"@id":"https:\/\/ferme1802.com\/#website"},"datePublished":"2024-04-04T08:18:27+00:00","dateModified":"2025-12-30T13:59:00+00:00","breadcrumb":{"@id":"https:\/\/ferme1802.com\/mentions-legales\/#breadcrumb"},"inLanguage":"en-GB","potentialAction":[{"@type":"ReadAction","target":["https:\/\/ferme1802.com\/mentions-legales\/"]}]},{"@type":"BreadcrumbList","@id":"https:\/\/ferme1802.com\/mentions-legales\/#breadcrumb","itemListElement":[{"@type":"ListItem","position":1,"name":"Accueil","item":"https:\/\/ferme1802.com\/"},{"@type":"ListItem","position":2,"name":"Mentions l\u00e9gales"}]},{"@type":"WebSite","@id":"https:\/\/ferme1802.com\/#website","url":"https:\/\/ferme1802.com\/","name":"Ferme 1802 - Appart h\u00f4tel - Sainghin-en-M\u00e9lantois","description":"D\u00e9tente, nature et bien-\u00eatre : votre parenth\u00e8se champ\u00eatre \u00e0 deux pas de Lille.","potentialAction":[{"@type":"SearchAction","target":{"@type":"EntryPoint","urlTemplate":"https:\/\/ferme1802.com\/?s={search_term_string}"},"query-input":{"@type":"PropertyValueSpecification","valueRequired":true,"valueName":"search_term_string"}}],"inLanguage":"en-GB"}]}},"_links":{"self":[{"href":"https:\/\/ferme1802.com\/en\/wp-json\/wp\/v2\/pages\/1609","targetHints":{"allow":["GET"]}}],"collection":[{"href":"https:\/\/ferme1802.com\/en\/wp-json\/wp\/v2\/pages"}],"about":[{"href":"https:\/\/ferme1802.com\/en\/wp-json\/wp\/v2\/types\/page"}],"author":[{"embeddable":true,"href":"https:\/\/ferme1802.com\/en\/wp-json\/wp\/v2\/users\/2"}],"replies":[{"embeddable":true,"href":"https:\/\/ferme1802.com\/en\/wp-json\/wp\/v2\/comments?post=1609"}],"version-history":[{"count":13,"href":"https:\/\/ferme1802.com\/en\/wp-json\/wp\/v2\/pages\/1609\/revisions"}],"predecessor-version":[{"id":3151,"href":"https:\/\/ferme1802.com\/en\/wp-json\/wp\/v2\/pages\/1609\/revisions\/3151"}],"wp:attachment":[{"href":"https:\/\/ferme1802.com\/en\/wp-json\/wp\/v2\/media?parent=1609"}],"curies":[{"name":"wp","href":"https:\/\/api.w.org\/{rel}","templated":true}]}}