{"id":2355,"date":"2024-09-20T15:08:04","date_gmt":"2024-09-20T13:08:04","guid":{"rendered":"https:\/\/ferme1802.com\/?page_id=2355"},"modified":"2025-05-22T11:49:29","modified_gmt":"2025-05-22T09:49:29","slug":"cgv-reunions-et-seminaires","status":"publish","type":"page","link":"https:\/\/ferme1802.com\/en\/cgv-reunions-et-seminaires\/","title":{"rendered":"CGV R\u00e9unions et s\u00e9minaires"},"content":{"rendered":"<div data-elementor-type=\"wp-page\" data-elementor-id=\"2355\" class=\"elementor elementor-2355\" data-elementor-post-type=\"page\">\n\t\t\t\t<div class=\"elementor-element elementor-element-0577ed1 e-flex e-con-boxed e-con e-parent\" data-id=\"0577ed1\" data-element_type=\"container\">\n\t\t\t\t\t<div class=\"e-con-inner\">\n\t\t\t\t<div class=\"elementor-element elementor-element-586f438 elementor-widget elementor-widget-heading\" data-id=\"586f438\" data-element_type=\"widget\" data-widget_type=\"heading.default\">\n\t\t\t\t<div class=\"elementor-widget-container\">\n\t\t\t\t\t<h3 class=\"elementor-heading-title elementor-size-default\">Conditions G\u00e9n\u00e9rales de Vente <\/br>R\u00e9unions et s\u00e9minaires\n<\/h3>\t\t\t\t<\/div>\n\t\t\t\t<\/div>\n\t\t\t\t<div class=\"elementor-element elementor-element-7c6933f elementor-widget elementor-widget-text-editor\" data-id=\"7c6933f\" data-element_type=\"widget\" data-widget_type=\"text-editor.default\">\n\t\t\t\t<div class=\"elementor-widget-container\">\n\t\t\t\t\t\t\t\t\t<p>Les pr\u00e9sentes Conditions G\u00e9n\u00e9rales de Vente, d\u00e9sign\u00e9es ci-apr\u00e8s par CGV, s\u2019appliquent aux prestations fournies par La FERME 1802, d\u00e9sign\u00e9 ci-apr\u00e8s par La FERME, pour l&rsquo;organisation de r\u00e9unions et de s\u00e9minaires.<br \/>Les CGV sont adress\u00e9es au Client avec le devis, et l&rsquo;acceptation de ce dernier par le Client implique l&rsquo;acceptation des CGV. Dans le cas o\u00f9 elles diff\u00e9reraient, les dispositions figurant sur le devis pr\u00e9valent sur les CGV.<\/p><p><strong>CONFIRMATION DE R\u00c9SERVATION<\/strong><br \/>Le Client confirme sa r\u00e9servation en retournant \u00e0 La FERME un exemplaire du devis et des CGV d\u00fbment dat\u00e9 et sign\u00e9, avec son cachet et la mention \u00ab\u00a0Bon pour accord\u00a0\u00bb. Ces documents devront obligatoirement \u00eatre accompagn\u00e9s du paiement de l\u2019acompte vis\u00e9 \u00e0 l\u2019article \u00ab\u00a0Modalit\u00e9s de r\u00e8glement\u00a0\u00bb. A d\u00e9faut de versement de l\u2019acompte, La FERME ne garantit pas la disponibilit\u00e9 des salons et chambres r\u00e9serv\u00e9s.<\/p><p><strong>R\u00c8GLEMENT<\/strong><br \/>Les modalit\u00e9s de r\u00e8glement sont les suivantes:<br \/>&#8211; Un acompte d\u2019un montant de 50% calcul\u00e9 sur le total TTC du devis doit \u00eatre vers\u00e9 au moment de la confirmation de la r\u00e9servation.<br \/>&#8211; Les 50% restant doivent \u00eatre vers\u00e9s au plus tard cinq (5) jours avant la date d&rsquo;arriv\u00e9e \u00e0 La FERME<br \/>&#8211; Les extras, tels que les boissons ou prestations suppl\u00e9mentaires non pr\u00e9vues au devis, doivent \u00eatre r\u00e9gl\u00e9s par le Client au moment du check-out.<br \/>Si le Client souhaite que des extras, tels que repas, boissons, ou autre soient r\u00e9gl\u00e9s pas chacun des participants, il doit en informer La FERME, pr\u00e9alablement et par \u00e9crit. A d\u00e9faut de r\u00e8glement par les participants, lesdits extras seront factur\u00e9s au Client qui sera solidairement responsable de leur paiement.<br \/>Le non-respect des \u00e9ch\u00e9ances de r\u00e8glement est consid\u00e9r\u00e9 comme une annulation totale de la r\u00e9servation, r\u00e9gie par l&rsquo;article \u00ab\u00a0Annulation de r\u00e9servation\u00a0\u00bb.<\/p><p><strong>MODIFICATION DE LA R\u00c9SERVATION<\/strong><br \/>La diminution du nombre de participants, concernant notamment l&rsquo;h\u00e9bergement, les repas et les r\u00e9unions, ainsi que le changement de date de la r\u00e9union ou du s\u00e9minaire, sont consid\u00e9r\u00e9s comme une annulation et sont r\u00e9gis par l&rsquo;article \u00ab\u00a0Annulation de r\u00e9servation\u00a0\u00bb.<br \/>L&rsquo;augmentation du nombre de participants, ou la r\u00e9servation de salons suppl\u00e9mentaires, ne sera confirm\u00e9e qu\u2019apr\u00e8s confirmation par La FERME des disponibilit\u00e9s correspondantes et r\u00e9ception du compl\u00e9ment d\u2019acompte correspondant \u00e0 la diff\u00e9rence de montant de la r\u00e9servation.<\/p><p><strong>ANNULATION DE LA R\u00c9SERVATION<\/strong><br \/>Les conditions d&rsquo;annulation totale de r\u00e9servation sont les suivantes :<br \/>&#8211; Plus de trois (3) mois avant la date d&rsquo;arriv\u00e9e pr\u00e9vue \u00e0 La FERME : pas de frais d&rsquo;annulation, l&rsquo;acompte est restitu\u00e9 au Client<br \/>&#8211; Entre trois (3) mois et quinze (15) jours avant l&rsquo;arriv\u00e9e pr\u00e9vue \u00e0 La FERME : frais d&rsquo;annulations correspondant \u00e0 50% du montant des prestations du devis.<br \/>&#8211; Apr\u00e8s quinze (15) jours avant la date d&rsquo;arriv\u00e9e pr\u00e9vue \u00e0 La FERME : frais d&rsquo;annulations correspondant \u00e0 100% du montant des prestations du devis.<\/p><p>Les conditions d&rsquo;annulation individuelle sont les suivantes :<br \/>&#8211; Une (1) chambre est annulable sans frais jusqu&rsquo;\u00e0 trente (30) jours avant la date d&rsquo;arriv\u00e9e pr\u00e9vue \u00e0 La FERME, \u00e0 12h00.<br \/>&#8211; Entre trente (30) jours et quinze (15) jours avant l&rsquo;arriv\u00e9e pr\u00e9vue \u00e0 La FERME : frais d&rsquo;annulations correspondant \u00e0 30% du montant des prestations du devis.<br \/>&#8211; Apr\u00e8s quinze (15) jours avant la date d&rsquo;arriv\u00e9e pr\u00e9vue \u00e0 La FERME : frais d&rsquo;annulations correspondant \u00e0 100% du montant des prestations du devis.<br \/>&#8211; Les repas pour une (1) personne sont annulables sans frais jusqu&rsquo;\u00e0 cinq (5) jours avant la date d&rsquo;arriv\u00e9e pr\u00e9vue \u00e0 La FERME, \u00e0 12h00.<\/p><p><strong>ROOMING LIST &#8211; HORAIRES<\/strong><br \/>Le Client doit communiquer par \u00e9crit \u00e0 La FERME au plus tard dix (10) jours avant la date d\u2019arriv\u00e9e pr\u00e9vue \u00e0 La FERME la rooming list: liste nominative des participants, par type de chambre (simple, double, twin, etc&#8230;).<br \/>Les locations de chambres vont de 15h00 le jour de l\u2019arriv\u00e9e, jusqu&rsquo;\u00e0 11h00 le jour du d\u00e9part.<br \/><strong>Heures d&rsquo;arriv\u00e9e:<\/strong> de 15h00 \u00e0 18h00 (ou selon confirmation par les \u00e9quipes de la FERME)<br \/><strong>Heures de d\u00e9part :<\/strong> de 7h30 \u00e0 11h00<\/p><p><strong>RESTAURATION<\/strong><br \/>Le Client doit confirmer par \u00e9crit \u00e0 La FERME au plus tard dix (10) jours avant la date d\u2019arriv\u00e9e pr\u00e9vue \u00e0 La FERME son choix de restauration (menu, buffet, cocktail, \u2026). Au del\u00e0 La FERME se r\u00e9serve le droit d\u2019imposer un choix dans la cat\u00e9gorie retenue au devis par le Client. La restauration non consomm\u00e9e dans le cadre d&rsquo;un forfait ne peut donner lieu \u00e0 minoration du prix.<\/p><p><strong>FORCE MAJEURE<\/strong><br \/>La FERME ne pourra \u00eatre tenu responsable des dommages caus\u00e9s par un retard ou une d\u00e9faillance d\u00fb \u00e0 un cas de force majeure ou un \u00e9v\u00e9nement \u00e9chappant \u00e0 son contr\u00f4le, tel que notamment, sans que cette \u00e9num\u00e9ration soit limitative: acte de puissance publique, hostilit\u00e9s, guerre, catastrophe naturelle, incendie, inondation, gr\u00e8ve, coupure d\u2019alimentation en \u00e9lectricit\u00e9 ou en gaz, d\u00e9faillance du syst\u00e8me de chauffage&#8230; Au cas o\u00f9 l\u2019ex\u00e9cution par La FERME de ses obligations contenues aux pr\u00e9sentes serait entrav\u00e9e par un tel cas de force majeure ou assimil\u00e9, La FERME le notifiera imm\u00e9diatement au Client, qui ne pourra pr\u00e9tendre \u00e0 aucune indemnit\u00e9 de ce chef. Les parties devront mettre en \u0153uvre tous leurs efforts pour pr\u00e9venir ou r\u00e9duire les effets d\u2019une inex\u00e9cution du contrat caus\u00e9e par un tel \u00e9v\u00e9nement.<\/p>\t\t\t\t\t\t\t\t<\/div>\n\t\t\t\t<\/div>\n\t\t\t\t\t<\/div>\n\t\t\t\t<\/div>\n\t\t\t\t<\/div>","protected":false},"excerpt":{"rendered":"<p>Conditions G\u00e9n\u00e9rales de Vente R\u00e9unions et s\u00e9minaires Les pr\u00e9sentes Conditions G\u00e9n\u00e9rales de Vente, d\u00e9sign\u00e9es ci-apr\u00e8s par CGV, s\u2019appliquent aux prestations fournies par La FERME 1802, d\u00e9sign\u00e9 ci-apr\u00e8s par La FERME, pour l&rsquo;organisation de r\u00e9unions et de s\u00e9minaires.Les CGV sont adress\u00e9es au Client avec le devis, et l&rsquo;acceptation de ce dernier par le Client implique l&rsquo;acceptation [&hellip;]<\/p>\n","protected":false},"author":2,"featured_media":0,"parent":0,"menu_order":13,"comment_status":"closed","ping_status":"closed","template":"elementor_header_footer","meta":{"footnotes":""},"class_list":["post-2355","page","type-page","status-publish","hentry","entry"],"yoast_head":"<!-- This site is optimized with the Yoast SEO plugin v27.5 - https:\/\/yoast.com\/product\/yoast-seo-wordpress\/ -->\n<title>CGV R\u00e9unions et s\u00e9minaires - Ferme 1802 - Appart h\u00f4tel - Sainghin-en-M\u00e9lantois<\/title>\n<meta name=\"robots\" content=\"index, follow, max-snippet:-1, max-image-preview:large, max-video-preview:-1\" \/>\n<link rel=\"canonical\" href=\"https:\/\/ferme1802.com\/en\/cgv-reunions-et-seminaires\/\" \/>\n<meta property=\"og:locale\" content=\"en_GB\" \/>\n<meta property=\"og:type\" content=\"article\" \/>\n<meta property=\"og:title\" content=\"CGV R\u00e9unions et s\u00e9minaires - Ferme 1802 - Appart h\u00f4tel - Sainghin-en-M\u00e9lantois\" \/>\n<meta property=\"og:description\" content=\"Conditions G\u00e9n\u00e9rales de Vente R\u00e9unions et s\u00e9minaires Les pr\u00e9sentes Conditions G\u00e9n\u00e9rales de Vente, d\u00e9sign\u00e9es ci-apr\u00e8s par CGV, s\u2019appliquent aux prestations fournies par La FERME 1802, d\u00e9sign\u00e9 ci-apr\u00e8s par La FERME, pour l&rsquo;organisation de r\u00e9unions et de s\u00e9minaires.Les CGV sont adress\u00e9es au Client avec le devis, et l&rsquo;acceptation de ce dernier par le Client implique l&rsquo;acceptation [&hellip;]\" \/>\n<meta property=\"og:url\" content=\"https:\/\/ferme1802.com\/en\/cgv-reunions-et-seminaires\/\" \/>\n<meta property=\"og:site_name\" content=\"Ferme 1802 - Appart h\u00f4tel - Sainghin-en-M\u00e9lantois\" \/>\n<meta property=\"article:modified_time\" content=\"2025-05-22T09:49:29+00:00\" \/>\n<meta name=\"twitter:card\" content=\"summary_large_image\" \/>\n<meta name=\"twitter:label1\" content=\"Estimated reading time\" \/>\n\t<meta name=\"twitter:data1\" content=\"5 minutes\" \/>\n<script type=\"application\/ld+json\" class=\"yoast-schema-graph\">{\"@context\":\"https:\\\/\\\/schema.org\",\"@graph\":[{\"@type\":\"WebPage\",\"@id\":\"https:\\\/\\\/ferme1802.com\\\/cgv-reunions-et-seminaires\\\/\",\"url\":\"https:\\\/\\\/ferme1802.com\\\/cgv-reunions-et-seminaires\\\/\",\"name\":\"CGV R\u00e9unions et s\u00e9minaires - Ferme 1802 - Appart h\u00f4tel - Sainghin-en-M\u00e9lantois\",\"isPartOf\":{\"@id\":\"https:\\\/\\\/ferme1802.com\\\/#website\"},\"datePublished\":\"2024-09-20T13:08:04+00:00\",\"dateModified\":\"2025-05-22T09:49:29+00:00\",\"breadcrumb\":{\"@id\":\"https:\\\/\\\/ferme1802.com\\\/cgv-reunions-et-seminaires\\\/#breadcrumb\"},\"inLanguage\":\"en-GB\",\"potentialAction\":[{\"@type\":\"ReadAction\",\"target\":[\"https:\\\/\\\/ferme1802.com\\\/cgv-reunions-et-seminaires\\\/\"]}]},{\"@type\":\"BreadcrumbList\",\"@id\":\"https:\\\/\\\/ferme1802.com\\\/cgv-reunions-et-seminaires\\\/#breadcrumb\",\"itemListElement\":[{\"@type\":\"ListItem\",\"position\":1,\"name\":\"Accueil\",\"item\":\"https:\\\/\\\/ferme1802.com\\\/\"},{\"@type\":\"ListItem\",\"position\":2,\"name\":\"CGV R\u00e9unions et s\u00e9minaires\"}]},{\"@type\":\"WebSite\",\"@id\":\"https:\\\/\\\/ferme1802.com\\\/#website\",\"url\":\"https:\\\/\\\/ferme1802.com\\\/\",\"name\":\"Ferme 1802 - Appart h\u00f4tel - Sainghin-en-M\u00e9lantois\",\"description\":\"D\u00e9tente, nature et bien-\u00eatre : votre parenth\u00e8se champ\u00eatre \u00e0 deux pas de Lille.\",\"potentialAction\":[{\"@type\":\"SearchAction\",\"target\":{\"@type\":\"EntryPoint\",\"urlTemplate\":\"https:\\\/\\\/ferme1802.com\\\/?s={search_term_string}\"},\"query-input\":{\"@type\":\"PropertyValueSpecification\",\"valueRequired\":true,\"valueName\":\"search_term_string\"}}],\"inLanguage\":\"en-GB\"}]}<\/script>\n<!-- \/ Yoast SEO plugin. -->","yoast_head_json":{"title":"CGV R\u00e9unions et s\u00e9minaires - Ferme 1802 - Appart h\u00f4tel - Sainghin-en-M\u00e9lantois","robots":{"index":"index","follow":"follow","max-snippet":"max-snippet:-1","max-image-preview":"max-image-preview:large","max-video-preview":"max-video-preview:-1"},"canonical":"https:\/\/ferme1802.com\/en\/cgv-reunions-et-seminaires\/","og_locale":"en_GB","og_type":"article","og_title":"CGV R\u00e9unions et s\u00e9minaires - Ferme 1802 - Appart h\u00f4tel - Sainghin-en-M\u00e9lantois","og_description":"Conditions G\u00e9n\u00e9rales de Vente R\u00e9unions et s\u00e9minaires Les pr\u00e9sentes Conditions G\u00e9n\u00e9rales de Vente, d\u00e9sign\u00e9es ci-apr\u00e8s par CGV, s\u2019appliquent aux prestations fournies par La FERME 1802, d\u00e9sign\u00e9 ci-apr\u00e8s par La FERME, pour l&rsquo;organisation de r\u00e9unions et de s\u00e9minaires.Les CGV sont adress\u00e9es au Client avec le devis, et l&rsquo;acceptation de ce dernier par le Client implique l&rsquo;acceptation [&hellip;]","og_url":"https:\/\/ferme1802.com\/en\/cgv-reunions-et-seminaires\/","og_site_name":"Ferme 1802 - Appart h\u00f4tel - Sainghin-en-M\u00e9lantois","article_modified_time":"2025-05-22T09:49:29+00:00","twitter_card":"summary_large_image","twitter_misc":{"Estimated reading time":"5 minutes"},"schema":{"@context":"https:\/\/schema.org","@graph":[{"@type":"WebPage","@id":"https:\/\/ferme1802.com\/cgv-reunions-et-seminaires\/","url":"https:\/\/ferme1802.com\/cgv-reunions-et-seminaires\/","name":"CGV R\u00e9unions et s\u00e9minaires - Ferme 1802 - Appart h\u00f4tel - Sainghin-en-M\u00e9lantois","isPartOf":{"@id":"https:\/\/ferme1802.com\/#website"},"datePublished":"2024-09-20T13:08:04+00:00","dateModified":"2025-05-22T09:49:29+00:00","breadcrumb":{"@id":"https:\/\/ferme1802.com\/cgv-reunions-et-seminaires\/#breadcrumb"},"inLanguage":"en-GB","potentialAction":[{"@type":"ReadAction","target":["https:\/\/ferme1802.com\/cgv-reunions-et-seminaires\/"]}]},{"@type":"BreadcrumbList","@id":"https:\/\/ferme1802.com\/cgv-reunions-et-seminaires\/#breadcrumb","itemListElement":[{"@type":"ListItem","position":1,"name":"Accueil","item":"https:\/\/ferme1802.com\/"},{"@type":"ListItem","position":2,"name":"CGV R\u00e9unions et s\u00e9minaires"}]},{"@type":"WebSite","@id":"https:\/\/ferme1802.com\/#website","url":"https:\/\/ferme1802.com\/","name":"Ferme 1802 - Appart h\u00f4tel - Sainghin-en-M\u00e9lantois","description":"D\u00e9tente, nature et bien-\u00eatre : votre parenth\u00e8se champ\u00eatre \u00e0 deux pas de Lille.","potentialAction":[{"@type":"SearchAction","target":{"@type":"EntryPoint","urlTemplate":"https:\/\/ferme1802.com\/?s={search_term_string}"},"query-input":{"@type":"PropertyValueSpecification","valueRequired":true,"valueName":"search_term_string"}}],"inLanguage":"en-GB"}]}},"_links":{"self":[{"href":"https:\/\/ferme1802.com\/en\/wp-json\/wp\/v2\/pages\/2355","targetHints":{"allow":["GET"]}}],"collection":[{"href":"https:\/\/ferme1802.com\/en\/wp-json\/wp\/v2\/pages"}],"about":[{"href":"https:\/\/ferme1802.com\/en\/wp-json\/wp\/v2\/types\/page"}],"author":[{"embeddable":true,"href":"https:\/\/ferme1802.com\/en\/wp-json\/wp\/v2\/users\/2"}],"replies":[{"embeddable":true,"href":"https:\/\/ferme1802.com\/en\/wp-json\/wp\/v2\/comments?post=2355"}],"version-history":[{"count":13,"href":"https:\/\/ferme1802.com\/en\/wp-json\/wp\/v2\/pages\/2355\/revisions"}],"predecessor-version":[{"id":2861,"href":"https:\/\/ferme1802.com\/en\/wp-json\/wp\/v2\/pages\/2355\/revisions\/2861"}],"wp:attachment":[{"href":"https:\/\/ferme1802.com\/en\/wp-json\/wp\/v2\/media?parent=2355"}],"curies":[{"name":"wp","href":"https:\/\/api.w.org\/{rel}","templated":true}]}}