{"id":847,"date":"2024-03-30T21:35:45","date_gmt":"2024-03-30T20:35:45","guid":{"rendered":"https:\/\/ferme1802.com\/?page_id=847"},"modified":"2025-11-24T16:41:36","modified_gmt":"2025-11-24T15:41:36","slug":"piscine","status":"publish","type":"page","link":"https:\/\/ferme1802.com\/en\/piscine\/","title":{"rendered":"Swimming Pool"},"content":{"rendered":"\t\t<div data-elementor-type=\"wp-page\" data-elementor-id=\"847\" class=\"elementor elementor-847\" data-elementor-post-type=\"page\">\n\t\t\t\t<div class=\"elementor-element elementor-element-48c4d7f e-flex e-con-boxed e-con e-parent\" data-id=\"48c4d7f\" data-element_type=\"container\">\n\t\t\t\t\t<div class=\"e-con-inner\">\n\t\t\t\t<div class=\"elementor-element elementor-element-436033e animated-slow elementor-invisible elementor-widget elementor-widget-image\" data-id=\"436033e\" data-element_type=\"widget\" data-settings=\"{&quot;_animation&quot;:&quot;fadeInUp&quot;}\" data-widget_type=\"image.default\">\n\t\t\t\t<div class=\"elementor-widget-container\">\n\t\t\t\t\t\t\t\t\t\t\t\t\t\t\t<img decoding=\"async\" width=\"81\" height=\"75\" src=\"https:\/\/ferme1802.com\/wp-content\/uploads\/2024\/04\/FERME-1802-Picto-piscine.svg\" class=\"attachment-large size-large wp-image-1179\" alt=\"piscine\" \/>\t\t\t\t\t\t\t\t\t\t\t\t\t\t\t<\/div>\n\t\t\t\t<\/div>\n\t\t\t\t<div class=\"elementor-element elementor-element-f90280d elementor-invisible elementor-widget elementor-widget-heading\" data-id=\"f90280d\" data-element_type=\"widget\" data-settings=\"{&quot;_animation&quot;:&quot;fadeInUp&quot;}\" data-widget_type=\"heading.default\">\n\t\t\t\t<div class=\"elementor-widget-container\">\n\t\t\t\t\t<h2 class=\"elementor-heading-title elementor-size-default\">Notre Piscine<\/h2>\t\t\t\t<\/div>\n\t\t\t\t<\/div>\n\t\t\t\t<div class=\"elementor-element elementor-element-d44a455 elementor-widget__width-initial elementor-invisible elementor-widget elementor-widget-text-editor\" data-id=\"d44a455\" data-element_type=\"widget\" data-settings=\"{&quot;_animation&quot;:&quot;fadeInUp&quot;}\" data-widget_type=\"text-editor.default\">\n\t\t\t\t<div class=\"elementor-widget-container\">\n\t\t\t\t\t\t\t\t\t<p>Tomber \u00e0 l\u2019eau, prendre son temps<\/p>\t\t\t\t\t\t\t\t<\/div>\n\t\t\t\t<\/div>\n\t\t\t\t<div class=\"elementor-element elementor-element-495b1f2 animated-slow elementor-widget__width-initial elementor-invisible elementor-widget elementor-widget-image\" data-id=\"495b1f2\" data-element_type=\"widget\" data-settings=\"{&quot;_animation&quot;:&quot;fadeIn&quot;,&quot;_animation_delay&quot;:800}\" data-widget_type=\"image.default\">\n\t\t\t\t<div class=\"elementor-widget-container\">\n\t\t\t\t\t\t\t\t\t\t\t\t\t\t\t<img decoding=\"async\" width=\"2\" height=\"80\" src=\"https:\/\/ferme1802.com\/wp-content\/uploads\/2024\/03\/Ligne.png\" class=\"attachment-large size-large wp-image-304\" alt=\"\" \/>\t\t\t\t\t\t\t\t\t\t\t\t\t\t\t<\/div>\n\t\t\t\t<\/div>\n\t\t\t\t\t<\/div>\n\t\t\t\t<\/div>\n\t\t<div class=\"elementor-element elementor-element-d87768b e-flex e-con-boxed e-con e-parent\" data-id=\"d87768b\" data-element_type=\"container\">\n\t\t\t\t\t<div class=\"e-con-inner\">\n\t\t\t\t<div class=\"elementor-element elementor-element-9fa665a animated-slow elementor-invisible elementor-widget elementor-widget-image\" data-id=\"9fa665a\" data-element_type=\"widget\" data-settings=\"{&quot;_animation&quot;:&quot;fadeInUp&quot;,&quot;_animation_delay&quot;:400}\" data-widget_type=\"image.default\">\n\t\t\t\t<div class=\"elementor-widget-container\">\n\t\t\t\t\t\t\t\t\t\t\t\t\t\t\t<img fetchpriority=\"high\" decoding=\"async\" width=\"2560\" height=\"1706\" src=\"https:\/\/ferme1802.com\/wp-content\/uploads\/2025\/11\/FERME-1802-Piscine-2-scaled.webp\" class=\"attachment-full size-full wp-image-3018\" alt=\"\" srcset=\"https:\/\/ferme1802.com\/wp-content\/uploads\/2025\/11\/FERME-1802-Piscine-2-scaled.webp 2560w, https:\/\/ferme1802.com\/wp-content\/uploads\/2025\/11\/FERME-1802-Piscine-2-300x200.webp 300w, https:\/\/ferme1802.com\/wp-content\/uploads\/2025\/11\/FERME-1802-Piscine-2-1024x683.webp 1024w, https:\/\/ferme1802.com\/wp-content\/uploads\/2025\/11\/FERME-1802-Piscine-2-768x512.webp 768w, https:\/\/ferme1802.com\/wp-content\/uploads\/2025\/11\/FERME-1802-Piscine-2-1536x1024.webp 1536w, https:\/\/ferme1802.com\/wp-content\/uploads\/2025\/11\/FERME-1802-Piscine-2-2048x1365.webp 2048w\" sizes=\"(max-width: 2560px) 100vw, 2560px\" \/>\t\t\t\t\t\t\t\t\t\t\t\t\t\t\t<\/div>\n\t\t\t\t<\/div>\n\t\t\t\t<div class=\"elementor-element elementor-element-a78074c elementor-widget__width-initial elementor-invisible elementor-widget elementor-widget-text-editor\" data-id=\"a78074c\" data-element_type=\"widget\" data-settings=\"{&quot;_animation&quot;:&quot;fadeInUp&quot;}\" data-widget_type=\"text-editor.default\">\n\t\t\t\t<div class=\"elementor-widget-container\">\n\t\t\t\t\t\t\t\t\t<p>Apr\u00e8s une belle journ\u00e9e de travail ou le temps d\u2019un week-end, quoi de mieux <br \/>que quelques longueurs dans une eau id\u00e9alement temp\u00e9r\u00e9e pour se ressourcer.<\/p>\t\t\t\t\t\t\t\t<\/div>\n\t\t\t\t<\/div>\n\t\t\t\t<div class=\"elementor-element elementor-element-33f490f elementor-widget__width-initial elementor-invisible elementor-widget elementor-widget-text-editor\" data-id=\"33f490f\" data-element_type=\"widget\" data-settings=\"{&quot;_animation&quot;:&quot;fadeInUp&quot;}\" data-widget_type=\"text-editor.default\">\n\t\t\t\t<div class=\"elementor-widget-container\">\n\t\t\t\t\t\t\t\t\t<p><strong>\u00a0Une invitation au l\u00e2cher-prise<\/strong> dans le bassin de 8 m\u00e8tres sur 4 m\u00e8tres, <br \/>gorg\u00e9 de lumi\u00e8re naturelle gr\u00e2ce \u00e0 la fa\u00e7ade vitr\u00e9e.<\/p>\t\t\t\t\t\t\t\t<\/div>\n\t\t\t\t<\/div>\n\t\t\t\t<div class=\"elementor-element elementor-element-3085284 elementor-widget__width-initial elementor-invisible elementor-widget elementor-widget-text-editor\" data-id=\"3085284\" data-element_type=\"widget\" data-settings=\"{&quot;_animation&quot;:&quot;fadeInUp&quot;}\" data-widget_type=\"text-editor.default\">\n\t\t\t\t<div class=\"elementor-widget-container\">\n\t\t\t\t\t\t\t\t\t<p>D\u00e9tail anachronique, en d\u00e9calage avec l\u2019\u00e9poque du 19\u00e8me si\u00e8cle, <br \/>la Ferme 1802 \u00e9volue pour votre plus grand confort.<\/p>\t\t\t\t\t\t\t\t<\/div>\n\t\t\t\t<\/div>\n\t\t\t\t<div class=\"elementor-element elementor-element-500a147 animated-slow elementor-widget__width-initial elementor-invisible elementor-widget elementor-widget-image\" data-id=\"500a147\" data-element_type=\"widget\" data-settings=\"{&quot;_animation&quot;:&quot;fadeIn&quot;,&quot;_animation_delay&quot;:0}\" data-widget_type=\"image.default\">\n\t\t\t\t<div class=\"elementor-widget-container\">\n\t\t\t\t\t\t\t\t\t\t\t\t\t\t\t<img decoding=\"async\" width=\"2\" height=\"80\" src=\"https:\/\/ferme1802.com\/wp-content\/uploads\/2024\/03\/Ligne.png\" class=\"attachment-large size-large wp-image-304\" alt=\"\" \/>\t\t\t\t\t\t\t\t\t\t\t\t\t\t\t<\/div>\n\t\t\t\t<\/div>\n\t\t\t\t\t<\/div>\n\t\t\t\t<\/div>\n\t\t<div class=\"elementor-element elementor-element-72f4cb0 e-flex e-con-boxed e-con e-parent\" data-id=\"72f4cb0\" data-element_type=\"container\">\n\t\t\t\t\t<div class=\"e-con-inner\">\n\t\t\t\t<div class=\"elementor-element elementor-element-6c73774 elementor-widget elementor-widget-html\" data-id=\"6c73774\" data-element_type=\"widget\" data-widget_type=\"html.default\">\n\t\t\t\t<div class=\"elementor-widget-container\">\n\t\t\t\t\t<iframe width=\"853\" height=\"480\" src=\"https:\/\/my.matterport.com\/show\/?m=tfLe3DHCDLK\" frameborder=\"0\" allowfullscreen allow=\"autoplay; fullscreen; web-share; xr-spatial-tracking;\"><\/iframe>\r\n\t\t\t\t<\/div>\n\t\t\t\t<\/div>\n\t\t\t\t\t<\/div>\n\t\t\t\t<\/div>\n\t\t<div class=\"elementor-element elementor-element-94c6e17 e-con-full elementor-hidden-desktop elementor-hidden-tablet elementor-hidden-mobile e-flex e-con e-parent\" data-id=\"94c6e17\" data-element_type=\"container\" data-settings=\"{&quot;background_background&quot;:&quot;classic&quot;,&quot;sticky&quot;:&quot;bottom&quot;,&quot;sticky_effects_offset&quot;:50,&quot;sticky_on&quot;:[&quot;desktop&quot;,&quot;tablet&quot;,&quot;mobile&quot;],&quot;sticky_offset&quot;:0,&quot;sticky_anchor_link_offset&quot;:0}\">\n\t\t<div class=\"elementor-element elementor-element-e530644 e-con-full e-flex e-con e-child\" data-id=\"e530644\" data-element_type=\"container\">\n\t\t\t\t<div class=\"elementor-element elementor-element-8785535 elementor-align-right elementor-widget__width-auto elementor-mobile-align-center elementor-widget elementor-widget-button\" data-id=\"8785535\" data-element_type=\"widget\" data-widget_type=\"button.default\">\n\t\t\t\t<div class=\"elementor-widget-container\">\n\t\t\t\t\t\t\t\t\t<div class=\"elementor-button-wrapper\">\n\t\t\t\t\t<a class=\"elementor-button elementor-size-sm\" role=\"button\">\n\t\t\t\t\t\t<span class=\"elementor-button-content-wrapper\">\n\t\t\t\t\t\t\t\t\t<span class=\"elementor-button-text\">Bient\u00f4t Disponible<\/span>\n\t\t\t\t\t<\/span>\n\t\t\t\t\t<\/a>\n\t\t\t\t<\/div>\n\t\t\t\t\t\t\t\t<\/div>\n\t\t\t\t<\/div>\n\t\t\t\t<\/div>\n\t\t\t\t<\/div>\n\t\t\t\t<\/div>\n\t\t","protected":false},"excerpt":{"rendered":"<p>Notre Piscine Tomber \u00e0 l\u2019eau, prendre son temps Apr\u00e8s une belle journ\u00e9e de travail ou le temps d\u2019un week-end, quoi de mieux que quelques longueurs dans une eau id\u00e9alement temp\u00e9r\u00e9e pour se ressourcer. \u00a0Une invitation au l\u00e2cher-prise dans le bassin de 8 m\u00e8tres sur 4 m\u00e8tres, gorg\u00e9 de lumi\u00e8re naturelle gr\u00e2ce \u00e0 la fa\u00e7ade vitr\u00e9e. [&hellip;]<\/p>\n","protected":false},"author":2,"featured_media":0,"parent":0,"menu_order":6,"comment_status":"closed","ping_status":"closed","template":"elementor_header_footer","meta":{"footnotes":""},"class_list":["post-847","page","type-page","status-publish","hentry","entry"],"yoast_head":"<!-- This site is optimized with the Yoast SEO plugin v27.5 - https:\/\/yoast.com\/product\/yoast-seo-wordpress\/ -->\n<title>Piscine - Ferme 1802 - Appart h\u00f4tel - Sainghin-en-M\u00e9lantois<\/title>\n<meta name=\"robots\" content=\"index, follow, max-snippet:-1, max-image-preview:large, max-video-preview:-1\" \/>\n<link rel=\"canonical\" href=\"https:\/\/ferme1802.com\/en\/piscine\/\" \/>\n<meta property=\"og:locale\" content=\"en_GB\" \/>\n<meta property=\"og:type\" content=\"article\" \/>\n<meta property=\"og:title\" content=\"Piscine - Ferme 1802 - Appart h\u00f4tel - Sainghin-en-M\u00e9lantois\" \/>\n<meta property=\"og:description\" content=\"Notre Piscine Tomber \u00e0 l\u2019eau, prendre son temps Apr\u00e8s une belle journ\u00e9e de travail ou le temps d\u2019un week-end, quoi de mieux que quelques longueurs dans une eau id\u00e9alement temp\u00e9r\u00e9e pour se ressourcer. \u00a0Une invitation au l\u00e2cher-prise dans le bassin de 8 m\u00e8tres sur 4 m\u00e8tres, gorg\u00e9 de lumi\u00e8re naturelle gr\u00e2ce \u00e0 la fa\u00e7ade vitr\u00e9e. [&hellip;]\" \/>\n<meta property=\"og:url\" content=\"https:\/\/ferme1802.com\/en\/piscine\/\" \/>\n<meta property=\"og:site_name\" content=\"Ferme 1802 - Appart h\u00f4tel - Sainghin-en-M\u00e9lantois\" \/>\n<meta property=\"article:modified_time\" content=\"2025-11-24T15:41:36+00:00\" \/>\n<meta property=\"og:image\" content=\"http:\/\/ferme1802.com\/wp-content\/uploads\/2024\/04\/FERME-1802-Picto-piscine.svg\" \/>\n<meta name=\"twitter:card\" content=\"summary_large_image\" \/>\n<meta name=\"twitter:label1\" content=\"Estimated reading time\" \/>\n\t<meta name=\"twitter:data1\" content=\"2 minutes\" \/>\n<script type=\"application\/ld+json\" class=\"yoast-schema-graph\">{\"@context\":\"https:\\\/\\\/schema.org\",\"@graph\":[{\"@type\":\"WebPage\",\"@id\":\"https:\\\/\\\/ferme1802.com\\\/piscine\\\/\",\"url\":\"https:\\\/\\\/ferme1802.com\\\/piscine\\\/\",\"name\":\"Piscine - Ferme 1802 - Appart h\u00f4tel - Sainghin-en-M\u00e9lantois\",\"isPartOf\":{\"@id\":\"https:\\\/\\\/ferme1802.com\\\/#website\"},\"primaryImageOfPage\":{\"@id\":\"https:\\\/\\\/ferme1802.com\\\/piscine\\\/#primaryimage\"},\"image\":{\"@id\":\"https:\\\/\\\/ferme1802.com\\\/piscine\\\/#primaryimage\"},\"thumbnailUrl\":\"http:\\\/\\\/ferme1802.com\\\/wp-content\\\/uploads\\\/2024\\\/04\\\/FERME-1802-Picto-piscine.svg\",\"datePublished\":\"2024-03-30T20:35:45+00:00\",\"dateModified\":\"2025-11-24T15:41:36+00:00\",\"breadcrumb\":{\"@id\":\"https:\\\/\\\/ferme1802.com\\\/piscine\\\/#breadcrumb\"},\"inLanguage\":\"en-GB\",\"potentialAction\":[{\"@type\":\"ReadAction\",\"target\":[\"https:\\\/\\\/ferme1802.com\\\/piscine\\\/\"]}]},{\"@type\":\"ImageObject\",\"inLanguage\":\"en-GB\",\"@id\":\"https:\\\/\\\/ferme1802.com\\\/piscine\\\/#primaryimage\",\"url\":\"http:\\\/\\\/ferme1802.com\\\/wp-content\\\/uploads\\\/2024\\\/04\\\/FERME-1802-Picto-piscine.svg\",\"contentUrl\":\"http:\\\/\\\/ferme1802.com\\\/wp-content\\\/uploads\\\/2024\\\/04\\\/FERME-1802-Picto-piscine.svg\"},{\"@type\":\"BreadcrumbList\",\"@id\":\"https:\\\/\\\/ferme1802.com\\\/piscine\\\/#breadcrumb\",\"itemListElement\":[{\"@type\":\"ListItem\",\"position\":1,\"name\":\"Accueil\",\"item\":\"https:\\\/\\\/ferme1802.com\\\/\"},{\"@type\":\"ListItem\",\"position\":2,\"name\":\"Piscine\"}]},{\"@type\":\"WebSite\",\"@id\":\"https:\\\/\\\/ferme1802.com\\\/#website\",\"url\":\"https:\\\/\\\/ferme1802.com\\\/\",\"name\":\"Ferme 1802 - Appart h\u00f4tel - Sainghin-en-M\u00e9lantois\",\"description\":\"D\u00e9tente, nature et bien-\u00eatre : votre parenth\u00e8se champ\u00eatre \u00e0 deux pas de Lille.\",\"potentialAction\":[{\"@type\":\"SearchAction\",\"target\":{\"@type\":\"EntryPoint\",\"urlTemplate\":\"https:\\\/\\\/ferme1802.com\\\/?s={search_term_string}\"},\"query-input\":{\"@type\":\"PropertyValueSpecification\",\"valueRequired\":true,\"valueName\":\"search_term_string\"}}],\"inLanguage\":\"en-GB\"}]}<\/script>\n<!-- \/ Yoast SEO plugin. -->","yoast_head_json":{"title":"Piscine - Ferme 1802 - Appart h\u00f4tel - Sainghin-en-M\u00e9lantois","robots":{"index":"index","follow":"follow","max-snippet":"max-snippet:-1","max-image-preview":"max-image-preview:large","max-video-preview":"max-video-preview:-1"},"canonical":"https:\/\/ferme1802.com\/en\/piscine\/","og_locale":"en_GB","og_type":"article","og_title":"Piscine - Ferme 1802 - Appart h\u00f4tel - Sainghin-en-M\u00e9lantois","og_description":"Notre Piscine Tomber \u00e0 l\u2019eau, prendre son temps Apr\u00e8s une belle journ\u00e9e de travail ou le temps d\u2019un week-end, quoi de mieux que quelques longueurs dans une eau id\u00e9alement temp\u00e9r\u00e9e pour se ressourcer. \u00a0Une invitation au l\u00e2cher-prise dans le bassin de 8 m\u00e8tres sur 4 m\u00e8tres, gorg\u00e9 de lumi\u00e8re naturelle gr\u00e2ce \u00e0 la fa\u00e7ade vitr\u00e9e. [&hellip;]","og_url":"https:\/\/ferme1802.com\/en\/piscine\/","og_site_name":"Ferme 1802 - Appart h\u00f4tel - Sainghin-en-M\u00e9lantois","article_modified_time":"2025-11-24T15:41:36+00:00","og_image":[{"url":"http:\/\/ferme1802.com\/wp-content\/uploads\/2024\/04\/FERME-1802-Picto-piscine.svg","type":"","width":"","height":""}],"twitter_card":"summary_large_image","twitter_misc":{"Estimated reading time":"2 minutes"},"schema":{"@context":"https:\/\/schema.org","@graph":[{"@type":"WebPage","@id":"https:\/\/ferme1802.com\/piscine\/","url":"https:\/\/ferme1802.com\/piscine\/","name":"Piscine - Ferme 1802 - Appart h\u00f4tel - Sainghin-en-M\u00e9lantois","isPartOf":{"@id":"https:\/\/ferme1802.com\/#website"},"primaryImageOfPage":{"@id":"https:\/\/ferme1802.com\/piscine\/#primaryimage"},"image":{"@id":"https:\/\/ferme1802.com\/piscine\/#primaryimage"},"thumbnailUrl":"http:\/\/ferme1802.com\/wp-content\/uploads\/2024\/04\/FERME-1802-Picto-piscine.svg","datePublished":"2024-03-30T20:35:45+00:00","dateModified":"2025-11-24T15:41:36+00:00","breadcrumb":{"@id":"https:\/\/ferme1802.com\/piscine\/#breadcrumb"},"inLanguage":"en-GB","potentialAction":[{"@type":"ReadAction","target":["https:\/\/ferme1802.com\/piscine\/"]}]},{"@type":"ImageObject","inLanguage":"en-GB","@id":"https:\/\/ferme1802.com\/piscine\/#primaryimage","url":"http:\/\/ferme1802.com\/wp-content\/uploads\/2024\/04\/FERME-1802-Picto-piscine.svg","contentUrl":"http:\/\/ferme1802.com\/wp-content\/uploads\/2024\/04\/FERME-1802-Picto-piscine.svg"},{"@type":"BreadcrumbList","@id":"https:\/\/ferme1802.com\/piscine\/#breadcrumb","itemListElement":[{"@type":"ListItem","position":1,"name":"Accueil","item":"https:\/\/ferme1802.com\/"},{"@type":"ListItem","position":2,"name":"Piscine"}]},{"@type":"WebSite","@id":"https:\/\/ferme1802.com\/#website","url":"https:\/\/ferme1802.com\/","name":"Ferme 1802 - Appart h\u00f4tel - Sainghin-en-M\u00e9lantois","description":"D\u00e9tente, nature et bien-\u00eatre : votre parenth\u00e8se champ\u00eatre \u00e0 deux pas de Lille.","potentialAction":[{"@type":"SearchAction","target":{"@type":"EntryPoint","urlTemplate":"https:\/\/ferme1802.com\/?s={search_term_string}"},"query-input":{"@type":"PropertyValueSpecification","valueRequired":true,"valueName":"search_term_string"}}],"inLanguage":"en-GB"}]}},"_links":{"self":[{"href":"https:\/\/ferme1802.com\/en\/wp-json\/wp\/v2\/pages\/847","targetHints":{"allow":["GET"]}}],"collection":[{"href":"https:\/\/ferme1802.com\/en\/wp-json\/wp\/v2\/pages"}],"about":[{"href":"https:\/\/ferme1802.com\/en\/wp-json\/wp\/v2\/types\/page"}],"author":[{"embeddable":true,"href":"https:\/\/ferme1802.com\/en\/wp-json\/wp\/v2\/users\/2"}],"replies":[{"embeddable":true,"href":"https:\/\/ferme1802.com\/en\/wp-json\/wp\/v2\/comments?post=847"}],"version-history":[{"count":58,"href":"https:\/\/ferme1802.com\/en\/wp-json\/wp\/v2\/pages\/847\/revisions"}],"predecessor-version":[{"id":3021,"href":"https:\/\/ferme1802.com\/en\/wp-json\/wp\/v2\/pages\/847\/revisions\/3021"}],"wp:attachment":[{"href":"https:\/\/ferme1802.com\/en\/wp-json\/wp\/v2\/media?parent=847"}],"curies":[{"name":"wp","href":"https:\/\/api.w.org\/{rel}","templated":true}]}}